{"id":212,"date":"2019-09-29T20:23:42","date_gmt":"2019-09-29T20:23:42","guid":{"rendered":"https:\/\/www.agriturismopinelli.it\/?page_id=212"},"modified":"2025-08-13T22:09:47","modified_gmt":"2025-08-13T20:09:47","slug":"home","status":"publish","type":"page","link":"https:\/\/agriturismopinelli.it\/","title":{"rendered":"HOME"},"content":{"rendered":"\n<h2 class=\"wp-block-heading has-text-align-center\"><strong><span class=\"has-inline-color has-vivid-cyan-blue-color\">BENVENUTI ALL&#8217;AGRITURISMO PINELLI<\/span><\/strong><br>C.da Piano del Giudice &#8211; Plataci (CS)<br>cell: +39 3335817083<\/h2>\n\n\n\n<p><\/p>\n\n\n\n<h4 class=\"wp-block-heading has-text-align-center\"><strong><span class=\"has-inline-color has-vivid-cyan-blue-color\">UN PARADISO ALLE PORTE DEL PARCO NAZIONALE DEL POLLINO<br> CON UNA SPETTACOLARE VISTA SULLA COSTA IONICA<\/span><\/strong><\/h4>\n\n\n\n<h4 class=\"wp-block-heading\"><em>Posto suggestivo per estasiarsi davanti al cielo e mare che si incontrano e si fondono in un tutt\u2019uno, valicare l\u2019orizzonte per immergersi nell\u2019infinito e immaginare cose lontane dalla realt\u00e0, svegliare i sentimenti pi\u00f9 belli, pi\u00f9 profondi e nascosti dell\u2019animo umano.<\/em><\/h4>\n\n\n\n<hr class=\"wp-block-separator has-css-opacity\"\/>\n\n\n\n<h4>La professionalit\u00e0, l&#8217;accoglienza e la familiarit\u00e0 sono i perni su cui si basa tutta l&#8217;attivit\u00e0 dell&#8217;Agriturismo &#8220;Pinelli&#8221; e possono costituire l&#8217;opportunit\u00e0 per tutte quelle persone, in particolare anziani autosufficienti, che desiderano soggiornare per lunghi periodi dell&#8217;anno ed essere accuditi con affetto nello svolgimento di tutte le attivit\u00e0 quotidiane cos\u00ec come potrebbe fare un familiare.<\/h4>\n\n\n\n<hr class=\"wp-block-separator has-css-opacity\"\/>\n\n\n\n<h2 class=\"wp-block-heading has-text-align-center\"><strong>RISTORANTE<\/strong><\/h2>\n\n\n<div class=\"wp-block-image\">\n<figure class=\"alignleft is-resized\"><img loading=\"lazy\" decoding=\"async\" width=\"500\" height=\"333\" src=\"https:\/\/agriturismopinelli.it\/wp-content\/uploads\/2019\/10\/DSC_1047_radd_500-1.jpg\" alt=\"\" class=\"wp-image-413\" style=\"width:588px;height:391px\" srcset=\"https:\/\/agriturismopinelli.it\/wp-content\/uploads\/2019\/10\/DSC_1047_radd_500-1.jpg 500w, https:\/\/agriturismopinelli.it\/wp-content\/uploads\/2019\/10\/DSC_1047_radd_500-1-300x200.jpg 300w\" sizes=\"auto, (max-width: 500px) 100vw, 500px\" \/><\/figure>\n<\/div>\n\n\n<p class=\"has-medium-font-size\"><p class=\"has-medium-font-size\" style=\"text-align: justify;\">Il ristorante dispone di un\u2019ampia sala di 300 mq con una terrazza vista mare e giochi per bambini. La sala si presenta in maniera ottimale per cerimonie, ricorrenze varie e meeting.<br> La location \u00e8 ideale per tutti quelli che hanno voglia di assaporare la vera cucina calabrese.<br> Le pietanze sono preparate con&nbsp;<strong>prodotti&nbsp;di qualit\u00e0<\/strong>, provenienti dai propri allevamenti e coltivazioni o da quelli locali.<br> Cos\u00ec \u00e8 possibile gustare carni e salumi dal sapore genuino, pasta fresca, un&#8217;ottima pizza e deliziosi dolci fatti in casa. L&#8217;atmosfera \u00e8 familiare e accogliente, grazie anche alla disponibilit\u00e0 e la <strong>cortesia dei titolari<\/strong>.<\/p><\/p>\n\n\n\n<div class=\"wp-block-button aligncenter\"><a class=\"wp-block-button__link has-vivid-cyan-blue-background-color has-background wp-element-button\" href=\"wp-comslider\/2019_10_09 - ristorante.html\" rel=\"noopener\">FOTOGALLERY<\/a><\/div>\n\n\n\n<hr class=\"wp-block-separator has-css-opacity\"\/>\n\n\n\n<p class=\"has-text-align-center has-very-dark-gray-color has-text-color has-large-font-size\"><strong>BUNGALOW<\/strong><\/p>\n\n\n<div class=\"wp-block-image\">\n<figure class=\"alignleft is-resized\"><img loading=\"lazy\" decoding=\"async\" width=\"1024\" height=\"680\" src=\"https:\/\/agriturismopinelli.it\/wp-content\/uploads\/2019\/10\/agriturismo-pinelli-bellavista-piano-del-giudice-plataci-cosenza-bungalow-02-1024x680-1024x680.jpg\" alt=\"\" class=\"wp-image-264\" style=\"width:588px;height:391px\"\/><\/figure>\n<\/div>\n\n\n<p class=\"has-medium-font-size\"><p class=\"has-medium-font-size\" style=\"text-align: justify;\">Sul declivio di un monte che scende rapidamente verso il mare, a quota 900m slm, sorge l\u2019Agriturismo Pinelli e dal suo belvedere si pu\u00f2 godere di un meraviglioso e straordinario panorama sul mare Jonio e su tutta la pianura di Sibari.<br> Lo sguardo si perde verso l\u2019infinito azzurro del mare per concentrarsi sull\u2019estremit\u00e0 della terra calabra, punta Alice, da cui partire per ammirare, di fronte, la sontuosit\u00e0 e l\u2019armonia dell\u2019altopiano della Sila.<br> I vicini monti del parco del Pollino avvolgono in un abbraccio il visitatore, infondendo sicurezza e protezione. Si   rimane colpiti, per la sua bellezza, dalla cima pi\u00f9 alta il Serra Dolcedorme, 2267m slm, che innevato ricorda il dolce viso di una donna che dorme.<br> Di sotto si estende la lussureggiante Piana di Sibari con i suoi agglomerati urbani e una miriade di attivit\u00e0.<br> In questo scenario, tra mare e monti, immersi nella natura con tanto verde e tanto spazio intorno, si pu\u00f2 soggiornare nei bungalow, accoglienti e ben arredati, dell\u2019Agriturismo Pinelli per godersi momenti di serenit\u00e0 e quiete.<\/p><\/p>\n\n\n\n<div class=\"wp-block-button aligncenter\"><a class=\"wp-block-button__link has-vivid-cyan-blue-background-color has-background wp-element-button\" href=\"wp-comslider\/2019_10_09 - bungalow.html\">FOTOGALLERY<\/a><\/div>\n\n\n\n<div id=\"comslider_in_point_2251929\"> <\/div> <script type=\"text \/ javascript\"> var oCOMScript2251929 = document.createElement ('script'); oCOMScript2251929.src = \"https:\/\/commondatastorage.googleapis.com\/comslider \/target\/users\/1622234808x49adaca4c4adc4b7cec0bf272ccd5ab2\/comslider.js?timestamp=1622234937&ct=\"+Date.now();oCOMScript2251929.type='text\/javascript';document.getElementsByhead\/script> ); <\/script>\n\n\n\n<!-- Inizio Codice ShinyStat -->\n\n<script src=\"\/\/codice.shinystat.com\/cgi-bin\/getcod.cgi?USER=domenicopinelli\"><\/script>\n\n<noscript>\n\n<a href=\"https:\/\/www.shinystat.com\/it\/\" target=\"_top\">\n\n<img decoding=\"async\" src=\"\/\/www.shinystat.com\/cgi-bin\/shinystat.cgi?USER=domenicopinelli\" alt=\"Statistiche web\" style=\"border:0px\" \/><\/a>\n\n<\/noscript>\n\n<!-- Fine Codice ShinyStat -->\n\n\n\n<p><\/p>\n","protected":false},"excerpt":{"rendered":"<p>BENVENUTI ALL&#8217;AGRITURISMO PINELLIC.da Piano del Giudice &#8211; Plataci (CS)cell: +39 3335817083 UN PARADISO ALLE PORTE DEL PARCO NAZIONALE DEL POLLINO CON UNA SPETTACOLARE VISTA SULLA&hellip;<\/p>\n","protected":false},"author":1,"featured_media":0,"parent":0,"menu_order":0,"comment_status":"closed","ping_status":"closed","template":"","meta":{"footnotes":""},"class_list":["post-212","page","type-page","status-publish","hentry"],"yoast_head":"<!-- This site is optimized with the Yoast SEO plugin v27.5 - https:\/\/yoast.com\/product\/yoast-seo-wordpress\/ -->\n<title>HOME - Agriturismo Pinelli<\/title>\n<meta name=\"robots\" content=\"index, follow, max-snippet:-1, max-image-preview:large, max-video-preview:-1\" \/>\n<link rel=\"canonical\" href=\"https:\/\/agriturismopinelli.it\/\" \/>\n<meta property=\"og:locale\" content=\"it_IT\" \/>\n<meta property=\"og:type\" content=\"article\" \/>\n<meta property=\"og:title\" content=\"HOME - Agriturismo Pinelli\" \/>\n<meta property=\"og:description\" content=\"BENVENUTI ALL&#8217;AGRITURISMO PINELLIC.da Piano del Giudice &#8211; Plataci (CS)cell: +39 3335817083 UN PARADISO ALLE PORTE DEL PARCO NAZIONALE DEL POLLINO CON UNA SPETTACOLARE VISTA SULLA&hellip;\" \/>\n<meta property=\"og:url\" content=\"https:\/\/agriturismopinelli.it\/\" \/>\n<meta property=\"og:site_name\" content=\"Agriturismo Pinelli\" \/>\n<meta property=\"article:modified_time\" content=\"2025-08-13T20:09:47+00:00\" \/>\n<meta property=\"og:image\" content=\"https:\/\/agriturismopinelli.it\/wp-content\/uploads\/2019\/10\/DSC_1047_radd_500-1.jpg\" \/>\n\t<meta property=\"og:image:width\" content=\"500\" \/>\n\t<meta property=\"og:image:height\" content=\"333\" \/>\n\t<meta property=\"og:image:type\" content=\"image\/jpeg\" \/>\n<meta name=\"twitter:card\" content=\"summary_large_image\" \/>\n<meta name=\"twitter:label1\" content=\"Tempo di lettura stimato\" \/>\n\t<meta name=\"twitter:data1\" content=\"3 minuti\" \/>\n<script type=\"application\/ld+json\" class=\"yoast-schema-graph\">{\"@context\":\"https:\\\/\\\/schema.org\",\"@graph\":[{\"@type\":\"WebPage\",\"@id\":\"https:\\\/\\\/agriturismopinelli.it\\\/\",\"url\":\"https:\\\/\\\/agriturismopinelli.it\\\/\",\"name\":\"HOME - Agriturismo Pinelli\",\"isPartOf\":{\"@id\":\"https:\\\/\\\/agriturismopinelli.it\\\/#website\"},\"primaryImageOfPage\":{\"@id\":\"https:\\\/\\\/agriturismopinelli.it\\\/#primaryimage\"},\"image\":{\"@id\":\"https:\\\/\\\/agriturismopinelli.it\\\/#primaryimage\"},\"thumbnailUrl\":\"https:\\\/\\\/agriturismopinelli.it\\\/wp-content\\\/uploads\\\/2019\\\/10\\\/DSC_1047_radd_500-1.jpg\",\"datePublished\":\"2019-09-29T20:23:42+00:00\",\"dateModified\":\"2025-08-13T20:09:47+00:00\",\"breadcrumb\":{\"@id\":\"https:\\\/\\\/agriturismopinelli.it\\\/#breadcrumb\"},\"inLanguage\":\"it-IT\",\"potentialAction\":[{\"@type\":\"ReadAction\",\"target\":[\"https:\\\/\\\/agriturismopinelli.it\\\/\"]}]},{\"@type\":\"ImageObject\",\"inLanguage\":\"it-IT\",\"@id\":\"https:\\\/\\\/agriturismopinelli.it\\\/#primaryimage\",\"url\":\"https:\\\/\\\/agriturismopinelli.it\\\/wp-content\\\/uploads\\\/2019\\\/10\\\/DSC_1047_radd_500-1.jpg\",\"contentUrl\":\"https:\\\/\\\/agriturismopinelli.it\\\/wp-content\\\/uploads\\\/2019\\\/10\\\/DSC_1047_radd_500-1.jpg\",\"width\":500,\"height\":333},{\"@type\":\"BreadcrumbList\",\"@id\":\"https:\\\/\\\/agriturismopinelli.it\\\/#breadcrumb\",\"itemListElement\":[{\"@type\":\"ListItem\",\"position\":1,\"name\":\"Home\",\"item\":\"https:\\\/\\\/agriturismopinelli.it\\\/\"},{\"@type\":\"ListItem\",\"position\":2,\"name\":\"HOME\"}]},{\"@type\":\"WebSite\",\"@id\":\"https:\\\/\\\/agriturismopinelli.it\\\/#website\",\"url\":\"https:\\\/\\\/agriturismopinelli.it\\\/\",\"name\":\"Agriturismo Pinelli\",\"description\":\"\",\"potentialAction\":[{\"@type\":\"SearchAction\",\"target\":{\"@type\":\"EntryPoint\",\"urlTemplate\":\"https:\\\/\\\/agriturismopinelli.it\\\/?s={search_term_string}\"},\"query-input\":{\"@type\":\"PropertyValueSpecification\",\"valueRequired\":true,\"valueName\":\"search_term_string\"}}],\"inLanguage\":\"it-IT\"}]}<\/script>\n<!-- \/ Yoast SEO plugin. -->","yoast_head_json":{"title":"HOME - Agriturismo Pinelli","robots":{"index":"index","follow":"follow","max-snippet":"max-snippet:-1","max-image-preview":"max-image-preview:large","max-video-preview":"max-video-preview:-1"},"canonical":"https:\/\/agriturismopinelli.it\/","og_locale":"it_IT","og_type":"article","og_title":"HOME - Agriturismo Pinelli","og_description":"BENVENUTI ALL&#8217;AGRITURISMO PINELLIC.da Piano del Giudice &#8211; Plataci (CS)cell: +39 3335817083 UN PARADISO ALLE PORTE DEL PARCO NAZIONALE DEL POLLINO CON UNA SPETTACOLARE VISTA SULLA&hellip;","og_url":"https:\/\/agriturismopinelli.it\/","og_site_name":"Agriturismo Pinelli","article_modified_time":"2025-08-13T20:09:47+00:00","og_image":[{"width":500,"height":333,"url":"https:\/\/agriturismopinelli.it\/wp-content\/uploads\/2019\/10\/DSC_1047_radd_500-1.jpg","type":"image\/jpeg"}],"twitter_card":"summary_large_image","twitter_misc":{"Tempo di lettura stimato":"3 minuti"},"schema":{"@context":"https:\/\/schema.org","@graph":[{"@type":"WebPage","@id":"https:\/\/agriturismopinelli.it\/","url":"https:\/\/agriturismopinelli.it\/","name":"HOME - Agriturismo Pinelli","isPartOf":{"@id":"https:\/\/agriturismopinelli.it\/#website"},"primaryImageOfPage":{"@id":"https:\/\/agriturismopinelli.it\/#primaryimage"},"image":{"@id":"https:\/\/agriturismopinelli.it\/#primaryimage"},"thumbnailUrl":"https:\/\/agriturismopinelli.it\/wp-content\/uploads\/2019\/10\/DSC_1047_radd_500-1.jpg","datePublished":"2019-09-29T20:23:42+00:00","dateModified":"2025-08-13T20:09:47+00:00","breadcrumb":{"@id":"https:\/\/agriturismopinelli.it\/#breadcrumb"},"inLanguage":"it-IT","potentialAction":[{"@type":"ReadAction","target":["https:\/\/agriturismopinelli.it\/"]}]},{"@type":"ImageObject","inLanguage":"it-IT","@id":"https:\/\/agriturismopinelli.it\/#primaryimage","url":"https:\/\/agriturismopinelli.it\/wp-content\/uploads\/2019\/10\/DSC_1047_radd_500-1.jpg","contentUrl":"https:\/\/agriturismopinelli.it\/wp-content\/uploads\/2019\/10\/DSC_1047_radd_500-1.jpg","width":500,"height":333},{"@type":"BreadcrumbList","@id":"https:\/\/agriturismopinelli.it\/#breadcrumb","itemListElement":[{"@type":"ListItem","position":1,"name":"Home","item":"https:\/\/agriturismopinelli.it\/"},{"@type":"ListItem","position":2,"name":"HOME"}]},{"@type":"WebSite","@id":"https:\/\/agriturismopinelli.it\/#website","url":"https:\/\/agriturismopinelli.it\/","name":"Agriturismo Pinelli","description":"","potentialAction":[{"@type":"SearchAction","target":{"@type":"EntryPoint","urlTemplate":"https:\/\/agriturismopinelli.it\/?s={search_term_string}"},"query-input":{"@type":"PropertyValueSpecification","valueRequired":true,"valueName":"search_term_string"}}],"inLanguage":"it-IT"}]}},"_links":{"self":[{"href":"https:\/\/agriturismopinelli.it\/index.php?rest_route=\/wp\/v2\/pages\/212","targetHints":{"allow":["GET"]}}],"collection":[{"href":"https:\/\/agriturismopinelli.it\/index.php?rest_route=\/wp\/v2\/pages"}],"about":[{"href":"https:\/\/agriturismopinelli.it\/index.php?rest_route=\/wp\/v2\/types\/page"}],"author":[{"embeddable":true,"href":"https:\/\/agriturismopinelli.it\/index.php?rest_route=\/wp\/v2\/users\/1"}],"replies":[{"embeddable":true,"href":"https:\/\/agriturismopinelli.it\/index.php?rest_route=%2Fwp%2Fv2%2Fcomments&post=212"}],"version-history":[{"count":167,"href":"https:\/\/agriturismopinelli.it\/index.php?rest_route=\/wp\/v2\/pages\/212\/revisions"}],"predecessor-version":[{"id":1131,"href":"https:\/\/agriturismopinelli.it\/index.php?rest_route=\/wp\/v2\/pages\/212\/revisions\/1131"}],"wp:attachment":[{"href":"https:\/\/agriturismopinelli.it\/index.php?rest_route=%2Fwp%2Fv2%2Fmedia&parent=212"}],"curies":[{"name":"wp","href":"https:\/\/api.w.org\/{rel}","templated":true}]}}